{"id":25,"date":"2022-05-22T04:13:12","date_gmt":"2022-05-22T02:13:12","guid":{"rendered":"https:\/\/tanzpunkthannover.de\/Tanz_im_Rathaus\/?page_id=25"},"modified":"2024-05-26T22:58:00","modified_gmt":"2024-05-26T20:58:00","slug":"impressum","status":"publish","type":"page","link":"https:\/\/tanzpunkthannover.de\/tanzMomente\/impressum\/","title":{"rendered":"Impressum"},"content":{"rendered":"\n<div class=\"wp-block-cover alignfull cover-block-wrapper\"><span aria-hidden=\"true\" class=\"wp-block-cover__background has-background-dim-100 has-background-dim wp-block-cover__gradient-background has-background-gradient has-light-rose-transparent-gradient-background\"><\/span><img loading=\"lazy\" decoding=\"async\" width=\"3996\" height=\"2248\" class=\"wp-block-cover__image-background wp-image-748\" alt=\"\" src=\"https:\/\/tanzpunkthannover.de\/tanzMomente\/wp-content\/uploads\/2022\/09\/EmptyTPH.png\" data-object-fit=\"cover\" srcset=\"https:\/\/tanzpunkthannover.de\/tanzMomente\/wp-content\/uploads\/2022\/09\/EmptyTPH.png 3996w, https:\/\/tanzpunkthannover.de\/tanzMomente\/wp-content\/uploads\/2022\/09\/EmptyTPH-300x169.png 300w, https:\/\/tanzpunkthannover.de\/tanzMomente\/wp-content\/uploads\/2022\/09\/EmptyTPH-1024x576.png 1024w, https:\/\/tanzpunkthannover.de\/tanzMomente\/wp-content\/uploads\/2022\/09\/EmptyTPH-768x432.png 768w, https:\/\/tanzpunkthannover.de\/tanzMomente\/wp-content\/uploads\/2022\/09\/EmptyTPH-1536x864.png 1536w, https:\/\/tanzpunkthannover.de\/tanzMomente\/wp-content\/uploads\/2022\/09\/EmptyTPH-2048x1152.png 2048w\" sizes=\"auto, (max-width: 3996px) 100vw, 3996px\" \/><div class=\"wp-block-cover__inner-container is-layout-flow wp-block-cover-is-layout-flow\">\n<h1 class=\"wp-block-heading has-large-font-size\">Impressum<\/h1>\n<\/div><\/div>\n\n\n\n<h2 class=\"wp-block-heading\">Tanzpunkt Hannover<\/h2>\n\n\n\n<p>Vertreten durch<br>Heiner Schlote<br>Ilse-ter-Meer-Weg 7<br>30449 Hannover<br><br>Fon 0049 511 660580<br><a href=\"mailto:info@tanzpunkthannover.de\">info@tanzpunkthannover.de<\/a><br><a href=\"https:\/\/www.tanzpunkthannover.de\">www.tanzpunkthannover.de<\/a><\/p>\n\n\n\n<h2 class=\"wp-block-heading\">Streitschlichtung<\/h2>\n\n\n\n<p>Die Europ\u00e4ische Kommission stellt eine Plattform zur Online-Streitbeilegung (OS) bereit: https:\/\/ec.europa.eu\/consumers\/odr. Wir sind weder verpflichtet noch bereit, an Streitbeilegungsverfahren vor einer Verbraucherschlichtungsstelle teilzunehmen.<\/p>\n\n\n\n<h2 class=\"wp-block-heading\">Haftung f\u00fcr Inhalte<\/h2>\n\n\n\n<p>Gem\u00e4\u00df \u00a7 7 Abs.1 TMG sind wir f\u00fcr eigene Inhalte verantwortlich. Nach \u00a7\u00a7 8 bis 10 TMG sind wir jedoch nicht dazu verpflichtet, \u00fcbertragene oder gespeicherte Informationen zu \u00fcberwachen oder nachzuforschen, ob rechtswidrige T\u00e4tigkeiten im Spiel sein k\u00f6nnten. Die Verpflichtungen zur Entfernung oder einer Sperrung der Nutzung von diesen Informationen bleiben hiervon demnach also unber\u00fchrt. Eine Haftung ist erst ab dem Zeitpunkt einer Kenntnisnahme einer tats\u00e4chlichen Rechtsverletzung m\u00f6glich. Bei dem Bekanntwerden von Rechtsverletzungen solcherart werden wir diese Inhalte sofort l\u00f6schen.<\/p>\n\n\n\n<h2 class=\"wp-block-heading\">Haftung f\u00fcr Links<\/h2>\n\n\n\n<p>Unsere Webseite enth\u00e4lt Links zu externen Webseiten, auf deren Inhalte wir keinerlei Einfluss haben und somit auch keine Gew\u00e4hr \u00fcbernehmen k\u00f6nnen. F\u00fcr die Inhalte der verlinkten Webseiten sind ausschliesslich deren Betreiber verantwortlich. Alle verlinkten Webseiten wurden zum Zeitpunkt ihrer Verlinkung selbstverst\u00e4ndlich auf m\u00f6gliche Rechtsverst\u00f6\u00dfe \u00fcberpr\u00fcft. Zum Zeitpunkt ihrer Verlinkung waren Rechtswidrige Inhalte nirgendwo erkennbar. Eine permanente inhaltliche Kontrolle der verlinkten Seiten ist jedoch ohne konkrete Anhaltspunkte einer Rechtsverletzung nicht umsetzbar. Bei Bekanntwerden von Rechtsverst\u00f6ssen werden wir derartige Links umgehend entfernen.<\/p>\n\n\n\n<h2 class=\"wp-block-heading\">Urheberrecht<\/h2>\n\n\n\n<p>Die Inhalte und Werke auf dieser Webseite, insbesondere Zeichnungen, Grafiken, Fotos, unterliegen dem deutschen Urheberrecht. Eine Vervielf\u00e4ltigung, Bearbeitung, Verbreitung und jede Art der Verwertung au\u00dferhalb der Grenzen des Urheberrechtes bed\u00fcrfen der schriftlichen Zustimmung des Urhebers. Downloads und Kopien dieser Webseite sind nur f\u00fcr den privaten, nicht jedoch f\u00fcr den kommerziellen Gebrauch gestattet. Soweit die Inhalte auf dieser Seite nicht vom Betreiber erstellt wurden, werden die Urheberrechte Dritter beachtet. Insbesondere werden Inhalte Dritter als solche gekennzeichnet. Sollten Sie dennoch auf eine Urheberrechtsverletzung bemerken, setzen Sie uns bitte dazu per E-Mail in Kenntnis. Bei einem Bekanntwerden von Rechtsverletzungen werden wir die entsprechenden Inhalte sofort entfernen.<\/p>\n\n\n\n<h2 class=\"wp-block-heading\">Bildnachweise<\/h2>\n\n\n<p class=\"bildnachweis-liste\"><span class=\"img-copyright-notice\"> Innawa Bouba, Fotoprojekt \u201eurban dance\u201c, Hannover-Linden 2019 &copy; Peter Hoffmann-Sch\u00f6nborn \/ <a target=\"_blank\" href=\"https:\/\/lindenfoto.de\">lindenfoto.de<\/a><\/span><br \/><span class=\"img-copyright-notice\">Alexei und Anke (tanzMomente 2022) &copy; Peter Hoffmann-Schoenborn \/ <a target=\"_blank\" href=\"https:\/\/lindenfoto.de\/\">lindenfoto.de<\/a><\/span><br \/><span class=\"img-copyright-notice\">Anja Dermer &copy; Anna Utevsky \/ <a target=\"_blank\" href=\"https:\/\/www.instagram.com\/anna.utevsky\/\">Anna Utevsky<\/a><\/span><br \/><span class=\"img-copyright-notice\">Anja Dermer (tanzMomente 2022) &copy; Peter Hoffmann-Schoenborn \/ <a target=\"_blank\" href=\"https:\/\/lindenfoto.de\/\">lindenfoto.de<\/a><\/span><br \/><span class=\"img-copyright-notice\">Anja Dermer bei Waterways &copy; AnnaUtevsky \/ <a target=\"_blank\" href=\"https:\/\/www.instagram.com\/anna.utevsky\">AnnaUtevsky<\/a><\/span><br \/><span class=\"img-copyright-notice\">Annika (tanzMomente 2022) &copy; Peter Hoffmann-Schoenborn \/ <a target=\"_blank\" href=\"https:\/\/lindenfoto.de\/\">lindenfoto.de<\/a><\/span><br \/><span class=\"img-copyright-notice\">Aron Nowak &copy; Vreni Arbes<\/span><br \/><span class=\"img-copyright-notice\">Bboy France 2019 &copy; Homardpayette<\/span><br \/><span class=\"img-copyright-notice\">Bettina Paletta &copy; Anna Utevsky \/ <a target=\"_blank\" href=\"https:\/\/www.instagram.com\/anna.utevsky\">Anna Utevsky<\/a><\/span><br \/><span class=\"img-copyright-notice\">Bettina Paletta (Pose aus \"Move a performance\") &copy; Peter Hoffmann-Schoenborn \/ <a target=\"_blank\" href=\"https:\/\/lindenfoto.de\/\">lindenfoto.de<\/a><\/span><br \/><span class=\"img-copyright-notice\">Bettina Paletta bei tanzMoment 2023 &copy; Anna Utevsky \/ <a target=\"_blank\" href=\"https:\/\/www.instagram.com\/anna.utevsky\">Anna Utevsky<\/a><\/span><br \/><span class=\"img-copyright-notice\">Bettina Paletta von hinten &copy; Peter Hoffmann-Schoenborn \/ <a target=\"_blank\" href=\"https:\/\/lindenfoto.de\/\">lindenfoto.de<\/a><\/span><br \/><span class=\"img-copyright-notice\">CDC (tanzMomente 2022) &copy; Peter Hoffmann-Schoenborn \/ <a target=\"_blank\" href=\"https:\/\/lindenfoto.de\/\">lindenfoto.de<\/a><\/span><br \/><span class=\"img-copyright-notice\">CDC 2023 &copy; Anna Utevsky \/ <a target=\"_blank\" href=\"https:\/\/www.instagram.com\/anna.utevsky\/\">Anna Utevsky<\/a><\/span><br \/><span class=\"img-copyright-notice\">Cecilia Lerg-Bernard &copy; Sleek&Stylish<\/span><br \/><span class=\"img-copyright-notice\">Cecilia Lerg-Bernard &copy; SleekStylish<\/span><br \/><span class=\"img-copyright-notice\">Connection Dance Center &copy; Heike Mischewsky \/ <a target=\"_blank\" href=\"https:\/\/heikemischewskyfotografie.de\/\">Heike Mischewsky<\/a><\/span><br \/><span class=\"img-copyright-notice\">Connection Dance Center 2023 &copy; Anna Utevsky \/ <a target=\"_blank\" href=\"https:\/\/www.instagram.com\/anna.utevsky\">Anna Utevsky<\/a><\/span><br \/><span class=\"img-copyright-notice\">Connection Dance Center in der Staatsoper &copy; Anna Utevsky \/ <a target=\"_blank\" href=\"https:\/\/www.instagram.com\/anna.utevsky\">Anna Utevsky<\/a><\/span><br \/><span class=\"img-copyright-notice\">Die Gruppe der Tanzwerkstatt probt f\u00fcr tanzMomente &copy; Cecilia Lerg-Bernard<\/span><br \/><span class=\"img-copyright-notice\">Duo G\u00e4nz (tanzMomente 2022) &copy; Peter Hoffmann-Schoenborn \/ <a target=\"_blank\" href=\"https:\/\/lindenfoto.de\/\">lindenfoto.de<\/a><\/span><br \/><span class=\"img-copyright-notice\">Duo Gl\u00e4nz &copy; Raphael Baumann<\/span><br \/><span class=\"img-copyright-notice\">Eleanor Freeman in der Tanzperformance \u201eMove a performance\u201c, Choreographie: M\u00f3nica Garc\u00eda Vicente, Hannover 2020 &copy; Peter Hoffmann-Schoenborn \/ <a target=\"_blank\" href=\"https:\/\/lindenfoto.de\/\">lindenfoto.de<\/a><\/span><br \/><span class=\"img-copyright-notice\">Esther (tanzMomente 2022) &copy; Peter Hoffmann-Schoenborn \/ <a target=\"_blank\" href=\"https:\/\/lindenfoto.de\/\">lindenfoto.de<\/a><\/span><br \/><span class=\"img-copyright-notice\">Esther Moreno &copy; Tulach O Broin<\/span><br \/><span class=\"img-copyright-notice\">Finissage_Turm &copy; Peter Hoffmann-Schoenborn \/ <a target=\"_blank\" href=\"https:\/\/lindenfoto.de\/\">lindenfoto.de<\/a><\/span><br \/><span class=\"img-copyright-notice\">Hintergrundbild \"Idee\" &copy; Peter Hoffmann-Schoenborn \/ <a target=\"_blank\" href=\"https:\/\/lindenfoto.de\">lindenfoto.de<\/a><\/span><br \/><span class=\"img-copyright-notice\">Julia Klockow &copy; Roman Pawlowski<\/span><br \/><span class=\"img-copyright-notice\">Levente B\u00e1lint &copy; Karancsy \u00c1gnes \/ <a target=\"_blank\" href=\"https:\/\/www.instagram.com\/agnes_karancsy\">Karancsy \u00c1gnes<\/a><\/span><br \/><span class=\"img-copyright-notice\">Levente B\u00e1lint &copy; Anna Utevsky \/ <a target=\"_blank\" href=\"https:\/\/www.instagram.com\/anna.utevsky\">Anna Utevsky<\/a><\/span><br \/><span class=\"img-copyright-notice\">Lorenzo &copy; Katja Schieber<\/span><br \/><span class=\"img-copyright-notice\">Manuela Bolegue &copy; Peter Hoffmann-Schoenborn \/ <a target=\"_blank\" href=\"https:\/\/lindenfoto.de\/\">lindenfoto.de<\/a><\/span><br \/><span class=\"img-copyright-notice\">Manuela Bolegue (tanzMomente 2022) &copy; Peter Hoffmann Schoenborn \/ <a target=\"_blank\" href=\"https:\/\/lindenfoto.de\/\">lindenfoto.de<\/a><\/span><br \/><span class=\"img-copyright-notice\">Manuela Bolegue bei der Finissage im Juni 2021 &copy; Katja Schieber<\/span><br \/><span class=\"img-copyright-notice\">Manuela Bolegue im Juni 2021 &copy; Katja Schieber<\/span><br \/><span class=\"img-copyright-notice\">Nina Melcher, Fotoprojekt \u201esupport your locals\u201c, Hannover-Linden 2020 &copy; Peter Hoffmann-Sch\u00f6nborn \/ <a target=\"_blank\" href=\"https:\/\/lindenfoto.de\">lindenfoto.de<\/a><\/span><br \/><span class=\"img-copyright-notice\">Norddeutsche Tanzwerkstatt &copy; Steffie R\u00f6ttger s.artisfaction<\/span><br \/><span class=\"img-copyright-notice\">Norddeutsche Tanzwerkstatt (tanzMomente 2022) &copy; Peter Hoffmann-Schoenborn \/ <a target=\"_blank\" href=\"https:\/\/lindenfoto.de\/\">lindenfoto.de<\/a><\/span><br \/><span class=\"img-copyright-notice\">Open Stage in der Staatsoper &copy; Anna Utevsky \/ <a target=\"_blank\" href=\"https:\/\/www.instagram.com\/anna.utevsky\">Anna Utevsky<\/a><\/span><br \/><span class=\"img-copyright-notice\">Performance \"Identit\u00e4t\" vom Connection Dance Center &copy; Heike Mischewsky \/ <a target=\"_blank\" href=\"https:\/\/heikemischewskyfotografie.de\/\">Heike Mischewsky<\/a><\/span><br \/><span class=\"img-copyright-notice\">Peter Hoffmann-Schoenborn &copy; <\/span><br \/><span class=\"img-copyright-notice\">Portr\u00e4t M\u00f3nica Garc\u00eda Vincente &copy; Arne Gutknecht<\/span><br \/><span class=\"img-copyright-notice\">Portr\u00e4t Peter Hoffmann-Schoenborn (in Farbe) &copy; Peter Hoffmann-Schoenborn \/ <a target=\"_blank\" href=\"https:\/\/lindenfoto.de\">lindenfoto.de<\/a><\/span><br \/><span class=\"img-copyright-notice\">Portr\u00e4t von Monica Garc\u00eda Vicente &copy; PeterHoffmann-Schoenborn \/ <a target=\"_blank\" href=\"https:\/\/lindenfoto.de\/\">PeterHoffmann-Schoenborn<\/a><\/span><br \/><span class=\"img-copyright-notice\">Portr\u00e4t von Peter Hoffmann-Schoenborn &copy; Peter Hoffmann-Schoenborn \/ <a target=\"_blank\" href=\"https:\/\/lindenfoto.de\/\">lindenfoto.de<\/a><\/span><br \/><span class=\"img-copyright-notice\">Probe CDC (tanzMomente 2022) &copy; Peter Hoffmann-Schoenborn \/ <a target=\"_blank\" href=\"https:\/\/lindenfoto.de\/\">lindenfoto.de<\/a><\/span><br \/><span class=\"img-copyright-notice\">Robert Robinson - Room 29 &copy; Jamie Nix<\/span><br \/><span class=\"img-copyright-notice\">start2dance (tanzMomente 2022) &copy; Peter Hoffmann-Schoenborn \/ <a target=\"_blank\" href=\"https:\/\/lindenfoto.de\/\">lindenfoto.de<\/a><\/span><br \/><span class=\"img-copyright-notice\">Summer-Jam im Tanzhaus &copy; Peter Hoffmann-Schoenborn \/ <a target=\"_blank\" href=\"https:\/\/lindenfoto.de\/\">lindenfoto.de<\/a><\/span><br \/><span class=\"img-copyright-notice\">tanzMomente 2022 &copy; Peter Hoffmann-Schoenborn \/ <a target=\"_blank\" href=\"https:\/\/lindenfoto.de\/\">lindenfoto.de<\/a><\/span><br \/><span class=\"img-copyright-notice\">tanzMomente 2022 - Duo G\u00e4nz &copy; Peter Hoffmann-Schoenborn \/ <a target=\"_blank\" href=\"https:\/\/lindenfoto.de\/\">lindenfoto.de<\/a><\/span><br \/><span class=\"img-copyright-notice\">tanzMomente 2022 Applaus &copy; Katja Schieber<\/span><br \/><span class=\"img-copyright-notice\">Three60 Company &copy; Heike Mischewsky \/ <a target=\"_blank\" href=\"https:\/\/heikemischewskyfotografie.de\/\">Heike Mischewsky<\/a><\/span><br \/><span class=\"img-copyright-notice\">Three60Company &copy; Heike Mischewsky \/ <a target=\"_blank\" href=\"https:\/\/heikemischewskyfotografie.de\/\">Heike Mischewsky<\/a><\/span><br \/><span class=\"img-copyright-notice\">Three60Company bei der Open Stage &copy; Heike Mischewsky \/ <a target=\"_blank\" href=\"https:\/\/heikemischewskyfotografie.de\/\">Heike Mischewsky<\/a><\/span><br \/><span class=\"img-copyright-notice\">Valeria Liptschanskaja &copy; <\/span><br \/><span class=\"img-copyright-notice\">Waterways &copy; Anna Utevsky \/ <a target=\"_blank\" href=\"https:\/\/www.instagram.com\/anna.utevsky\">Anna Utevsky<\/a><\/span><br \/><span class=\"img-copyright-notice\">Zuschauer der tanzMomente 2022 &copy; Katja Schieber<\/span><br \/><\/p>\n","protected":false},"excerpt":{"rendered":"<p>Tanzpunkt Hannover Vertreten durchHeiner SchloteIlse-ter-Meer-Weg 730449 Hannover Fon 0049 511 660580info@tanzpunkthannover.dewww.tanzpunkthannover.de Streitschlichtung Die Europ\u00e4ische Kommission stellt eine Plattform zur Online-Streitbeilegung (OS) bereit: https:\/\/ec.europa.eu\/consumers\/odr. Wir sind weder verpflichtet noch bereit, an Streitbeilegungsverfahren vor einer Verbraucherschlichtungsstelle teilzunehmen. Haftung f\u00fcr Inhalte Gem\u00e4\u00df \u00a7 7 Abs.1 TMG sind wir f\u00fcr eigene Inhalte verantwortlich. Nach \u00a7\u00a7 8 bis 10 TMG [&hellip;]<\/p>\n","protected":false},"author":1,"featured_media":57,"parent":0,"menu_order":90,"comment_status":"closed","ping_status":"closed","template":"","meta":{"footnotes":""},"class_list":["post-25","page","type-page","status-publish","has-post-thumbnail","hentry"],"_links":{"self":[{"href":"https:\/\/tanzpunkthannover.de\/tanzMomente\/wp-json\/wp\/v2\/pages\/25","targetHints":{"allow":["GET"]}}],"collection":[{"href":"https:\/\/tanzpunkthannover.de\/tanzMomente\/wp-json\/wp\/v2\/pages"}],"about":[{"href":"https:\/\/tanzpunkthannover.de\/tanzMomente\/wp-json\/wp\/v2\/types\/page"}],"author":[{"embeddable":true,"href":"https:\/\/tanzpunkthannover.de\/tanzMomente\/wp-json\/wp\/v2\/users\/1"}],"replies":[{"embeddable":true,"href":"https:\/\/tanzpunkthannover.de\/tanzMomente\/wp-json\/wp\/v2\/comments?post=25"}],"version-history":[{"count":13,"href":"https:\/\/tanzpunkthannover.de\/tanzMomente\/wp-json\/wp\/v2\/pages\/25\/revisions"}],"predecessor-version":[{"id":1158,"href":"https:\/\/tanzpunkthannover.de\/tanzMomente\/wp-json\/wp\/v2\/pages\/25\/revisions\/1158"}],"wp:featuredmedia":[{"embeddable":true,"href":"https:\/\/tanzpunkthannover.de\/tanzMomente\/wp-json\/wp\/v2\/media\/57"}],"wp:attachment":[{"href":"https:\/\/tanzpunkthannover.de\/tanzMomente\/wp-json\/wp\/v2\/media?parent=25"}],"curies":[{"name":"wp","href":"https:\/\/api.w.org\/{rel}","templated":true}]}}